{"id":1929,"date":"2020-12-14T21:40:41","date_gmt":"2020-12-14T20:40:41","guid":{"rendered":"http:\/\/www.progettocoscienzacosmica.com\/?page_id=1929"},"modified":"2020-12-14T21:49:55","modified_gmt":"2020-12-14T20:49:55","slug":"termini-e-condizioni","status":"publish","type":"page","link":"https:\/\/www.progettocoscienzacosmica.com\/it\/termini-e-condizioni\/","title":{"rendered":"TERMINI E CONDIZIONI"},"content":{"rendered":"<p class=\"has-text-align-center\"><strong>CONDIZIONI GENERALI D&#8217;USO<\/strong><\/p>\n\n\n\n<p>1. Le presenti condizioni generali d&#8217;uso rappresentano l&#8217;accesso e l&#8217;uso del sito Associazione Culturale Progetto Coscienza Cosmica, acessibile mediante l&#8217;url: https:\/\/www.progettocoscienzacosmica.com\/, (d&#8217;ora in avanti il &#8220;titolare&#8221;), sono attivit\u00e0 regolate dalle presenti condizioni generali d&#8217;uso.<\/p>\n\n\n\n<p class=\"has-text-align-left\">2. Il presente sito \u00e8 di propriet\u00e0 di: Associazione Culturale Progetto Coscienza Cosmica con sede a Massagno, Svizzera<\/p>\n\n\n\n<p>3. Il presente sito web \u00e8 gestito da Sante Pagano nato San Severo il 27\/01\/1989 e residente a Massagno<\/p>\n\n\n\n<p>4. L&#8217;accesso al sito ed il suo uso, presuppone la lettura, la conoscenza e l&#8217;accettazione di queste condizioni generali d&#8217;uso.<\/p>\n\n\n\n<p class=\"has-text-align-center\"><strong><br><br>Modifiche alle condizioni d&#8217;uso<\/strong><br><br>1. Il gestore potr\u00e0 modificare o semplicemente aggiornare, in tutto o in parte, queste condizioni generali d&#8217;uso. Le modifiche e gli aggiornamenti delle condizioni generali d&#8217;uso saranno notificati agli utenti nella Home page non appena adottati e saranno vincolanti non appena pubblicati sul sito web in questa stessa sezione. L&#8217;accesso e l&#8217;utilizzo del sito presuppongono l&#8217;accettazione da parte dell&#8217;utente delle presenti condizioni d&#8217;uso.<\/p>\n\n\n\n<p class=\"has-text-align-center\"><strong><br><br>Propriet\u00e0 intellettuale<\/strong><\/p>\n\n\n\n<p class=\"has-text-align-center\"><br>1. I contenuti presenti sul sito, quali, a titolo esemplificativo, le opere, le immagini, le fotografie, i dialoghi, le musiche, i suoni ed i video, i documenti, i disegni, le figure, i loghi ed ogni altro materiale, in qualsiasi formato, pubblicato sul sito medesimo, compresi i menu, le pagine web, la grafica, i colori, gli schemi, gli strumenti, i caratteri ed il design del sito, i diagrammi, il layouts, i metodi, i processi, le funzioni ed il software che fanno parte del sito, sono protetti dal diritto d&#8217;autore e da ogni altro diritto di propriet\u00e0 intellettuale del titolare o di eventuali terzi dallo stesso contrattualizzati. \u00c8 vietata la riproduzione, in tutto o in parte, in qualsiasi forma, del sito e dei suoi contenuti, senza il consenso espresso in forma scritta del titolare.<\/p>\n\n\n\n<p>2. L&#8217;utente \u00e8 autorizzato unicamente a visualizzare il sito ed i suoi contenuti fruendo dei relativi servizi ivi disponibili. L&#8217;utente \u00e8, inoltre, autorizzato a compiere tutti quegli altri atti di riproduzione temporanei, privi di rilievo economico proprio, che sono considerati transitori o accessori, parte integrante ed essenziale della stessa visualizzazione e fruizione del Sito e dei suoi contenuti e tutte le altre operazioni di navigazione sul Sito che siano eseguite solo per un uso legittimo del medesimo.<\/p>\n\n\n\n<p>3. L&#8217;utente non \u00e8 in alcun modo autorizzato ad eseguire alcuna riproduzione, su qualsiasi supporto, in tutto o in parte del sito e dei suoi contenuti. Qualsiasi atto di riproduzione dovr\u00e0 essere, di volta in volta, autorizzato da Associazione Culturale Progetto Coscienza Cosmica o, all&#8217;occorrenza, dagli autori delle singole opere contenute nel sito. Tali operazioni di riproduzione dovranno essere comunque eseguite per scopi leciti e nel rispetto del diritto d&#8217;autore e degli altri diritti di propriet\u00e0 intellettuale e degli autori delle singole opere contenute nel sito.<\/p>\n\n\n\n<p class=\"has-text-align-center\"><strong><br><br>Utilizzo del sito e responsabilit\u00e0 dell&#8217;utente<\/strong><br><br>1. L&#8217;accesso e l&#8217;uso del sito, la visualizzazione delle pagine web, compresa la comunicazione con il gestore, costituiscono attivit\u00e0 condotte dall&#8217;utente esclusivamente per usi personali estranei a qualsiasi attivit\u00e0 commerciale, imprenditoriale e professionale.<\/p>\n\n\n\n<p>2. L&#8217;utente \u00e8 personalmente responsabile per l&#8217;uso del sito e dei relativi contenuti. Il gestore infatti non potr\u00e0 essere considerato responsabile dell&#8217;uso non conforme alle norme di legge vigenti, del sito web e dei contenuti da parte di ciascuno dei propri utenti, salva la responsabilit\u00e0 per dolo e colpa grave. In particolare, l&#8217;utente sar\u00e0 l&#8217;unico ed il solo unico responsabile per la comunicazione di informazioni e di dati non corretti, falsi o relativi a terzi soggetti, senza che questi abbiano espresso il loro consenso, nonch\u00e9 in considerazione di un uso non corretto degli stessi.<\/p>\n\n\n\n<p>3. Ogni materiale scaricato o altrimenti ottenuto attraverso l&#8217;uso del servizio \u00e8 a scelta e a rischio dell&#8217;utente, pertanto ogni responsabilit\u00e0 per eventuali danni a sistemi di computer o perdite di dati risultanti dalle operazioni di scarico ricade sull&#8217;utente e non potr\u00e0 essere imputata al gestore.<\/p>\n\n\n\n<p>4. Il gestore declina ogni responsabilit\u00e0 per eventuali danni derivanti dall&#8217;inaccessibilit\u00e0 ai servizi presenti sul sito o da eventuali danni causati da virus, file danneggiati, errori, omissioni, interruzioni del servizio, cancellazioni dei contenuti, problemi connessi alla rete, ai provider o a collegamenti telefonici e\/o telematici, ad accessi non autorizzati, ad alterazioni di dati, al mancato e\/o difettoso funzionamento delle apparecchiature elettroniche dell&#8217;utente stesso.<\/p>\n\n\n\n<p>5. L&#8217;utente \u00e8 responsabile della custodia e del corretto utilizzo delle proprie informazioni personali, ivi comprese le credenziali che consentono di accedere ai servizi riservati, nonch\u00e9 di ogni conseguenza dannosa o pregiudizio che dovesse derivare a carico di Associazione Culturale Progetto Coscienza Cosmica ovvero di terzi a seguito del non corretto utilizzo, dello smarrimento, sottrazione di tali informazioni.<\/p>\n\n\n\n<p>6. Il Gestore ha provveduto ad adottare ogni ragionevole accorgimento per evitare che siano pubblicati sul sito contenuti ed immagini che possano essere ritenuti lesivi del decoro, dei diritti umani e della dignit\u00e0 delle persone, in tutte le possibili forme ed espressioni. In ogni caso, qualora i suddetti contenuti siano ritenuti lesivi della sensibilit\u00e0 religiosa o etica o del decoro, l&#8217;utente interessato \u00e8 pregato di comunicare tale condizione al gestore, il quale tuttavia avverte che ogni eventuale accesso ai contenuti considerati lesivi o offensivi avviene da parte dell&#8217;utente a proprio insindacabile giudizio ed a sua esclusiva e personale responsabilit\u00e0.<\/p>\n\n\n\n<p>7. Il Gestore ha inoltre adottato ogni utile precauzione affinch\u00e9 tutte le informazioni presenti sul sito siano corrette, complete ed aggiornate, tuttavia lo stesso non assume nei confronti degli utenti alcuna responsabilit\u00e0 circa l&#8217;accuratezza e la completezza dei contenuti pubblicati sul sito, salvo quanto diversamente previsto dalla legge. Qualora un utente riscontrasse errori o mancati aggiornamenti delle informazioni presenti sul sito \u00e8 pregato di comunicarlo al gestore utilizzando la casella email: progettocoscienzacosmica@gmail.com.<\/p>\n\n\n\n<p class=\"has-text-align-center\"><strong><br><br>Esclusione di responsabilit\u00e0<\/strong><br><br>1.Come indicato in precedenza, il gestore svolge con la massima diligenza la cura e il mantenimento del sito e dei suoi contenuti, tuttavia, non si assume alcuna responsabilit\u00e0 per la correttezza, la completezza e la tempestivit\u00e0 dei dati e delle informazioni fornite sul sito o sui siti ad esso collegati. Deve perci\u00f2 escludersi ogni responsabilit\u00e0 per errori od omissioni derivanti dall&#8217;uso dei dati e delle informazioni sul sito.<\/p>\n\n\n\n<p>2. Il gestore declina ogni responsabilit\u00e0, inclusa la presenza di errori, la correzione degli errori, la responsabilit\u00e0 del server ospitante il sito; non \u00e8 altres\u00ec responsabile dell&#8217;uso delle informazioni contenute, della loro correttezza e affidabilit\u00e0. In nessun caso, inclusa la negligenza, il titolare sar\u00e0 responsabile di ogni diretto o indiretto danno che possa risultare dall&#8217;uso, o dalla incapacit\u00e0 di usare, i materiali presenti nel sito.<\/p>\n\n\n\n<p class=\"has-text-align-center\"><strong><br><br>Limitazioni all&#8217;erogazione del servizio<\/strong><br><br>1. Il gestore non potr\u00e0 essere ritenuto responsabile dei danni conseguenti alla mancata prestazione del servizio a causa dell&#8217;errato o mancato funzionamento dei mezzi elettronici di comunicazione per cause estranee alla sfera del proprio prevedibile controllo. A titolo esemplificativo, ma non esaustivo, il malfunzionamento dei server ed altri dispositivi elettronici anche non facenti parte integrante della rete Internet, malfunzionamento dei software installati, virus informatici sull&#8217;eventuale presenza di virus o altri componenti informatici nocivi e dannosi, nonch\u00e9 da azioni di hacker o altri utenti aventi accesso alla rete. L&#8217;utente s&#8217;impegna dunque a tenere indenne e manlevare il titolare da qualsiasi responsabilit\u00e0 e\/o richiesta al riguardo.<\/p>\n\n\n\n<p class=\"has-text-align-center\"><strong><br><br>Link di altri siti<\/strong><\/p>\n\n\n\n<p><br>1. Il sito pu\u00f2 contenere collegamenti ipertestuali ad altri siti web che non hanno nessun collegamento con lo stesso. Il gestore non controlla n\u00e9 monitora di tali siti web e non ne garantisce pertanto in alcun modo i contenuti n\u00e9 la gestione dei dati. L&#8217;utente dovr\u00e0 pertanto leggere attentamente le condizioni d&#8217;uso dei siti terzi visitati e le relative privacy policy, in quanto le presenti condizioni d&#8217;uso e la privacy policy si riferiscono unicamente al presente sito.<\/p>\n\n\n\n<p class=\"has-text-align-center\"><strong><br>Link in altre pagine web<\/strong><br><br>1. Il presente sito pu\u00f2 essere raggiunto anche attraverso siti terzi dove sar\u00e0 presente un link o banner per accedere al sito.<\/p>\n\n\n\n<p>2. L&#8217;attivazione di link su siti terzi verso il presente sito \u00e8 possibile solamente previo consenso ed autorizzazione del gestore, che potr\u00e0 essere richiesta contattando lo stesso all&#8217;indirizzo summenzionato, ovvero scrivendo all&#8217;indirizzo email: progettocoscienzacosmica@gmail.com.<\/p>\n\n\n\n<p>3. L&#8217;attivazione di link non autorizzati legittimer\u00e0 il gestore ad agire per l&#8217;immediata disattivazione dei link illegittimi e per l&#8217;eventuale riconoscimento della relativa pratica commerciale o concorrenza sleale ovvero azione a discapito del buon nome e della rinomanza del gestore, dei suoi servizi e delle societ\u00e0 del medesimo gruppo. \u00c8 in ogni caso vietata l&#8217;attivazione di collegamenti ipertestuali profondi (quali deep frames o deep links) al Sito ovvero l&#8217;uso non autorizzato di meta-tags.<\/p>\n\n\n\n<p class=\"has-text-align-center\"><strong><br><br>Marchi<\/strong><br><br>1. Tutti i marchi ed i segni distintivi presenti sul sito, anche relativi alle singole attivit\u00e0 svolte dal titolare, sono esclusiva del titolare medesimo o delle societ\u00e0 a lui referenti.<\/p>\n\n\n\n<p>2. Il titolare ha la facolt\u00e0 di far uso esclusivo dei suddetti marchi. Pertanto, qualsiasi uso non consentito, non autorizzato e\/o non conforme alla legge \u00e8 severamente vietato e comporta conseguenze legali. Non \u00e8 in alcun modo consentito usare detti marchi ed ogni altro segno distintivo presente sul sito per trarre indebitamente, anche indirettamente, vantaggio dal carattere distintivo o dalla rinomanza dei marchi del titolare o in modo da recare pregiudizio agli stessi ed ai loro titolari.<\/p>\n\n\n\n<p>3. Il dominio https:\/\/www.progettocoscienzacosmica.com\/ cos\u00ec come le varie declinazioni ed i sottodomini sono di propriet\u00e0 del titolare. Nessun utilizzo, seppur indiretto, \u00e8 consentito, salva specifica autorizzazione scritta del titolare o dei titolari.<\/p>\n\n\n\n<p class=\"has-text-align-center\"><strong><br><br>Trattamento dei dati<\/strong><\/p>\n\n\n\n<p><br>1. I dati dell&#8217;utente sono trattati conformemente a quanto previsto dalla normativa in materia di protezione dei dati personali, come specificato nell&#8217;apposita sezione contenente l&#8217;informativa ai sensi dell&#8217;art. 13 Regolamento UE 2016\/679 (Privacy Policy). Per pi\u00f9 informazioni accedere alla privacy policy del sito al link: https:\/\/www.progettocoscienzacosmica.com\/politica-dei-cookie-ue\/<\/p>\n\n\n\n<p class=\"has-text-align-center\"><strong><br><br>Clausola di salvaguardia<\/strong><\/p>\n\n\n\n<p><br>1. Nell&#8217;ipotesi in cui una delle clausole delle presenti condizioni generali d&#8217;uso fosse nulla per qualsivoglia motivo ci\u00f2 non comprometter\u00e0 in nessun caso la validit\u00e0 e il rispetto delle altre disposizioni figuranti nelle presenti condizioni generali d&#8217;uso.<\/p>\n\n\n\n<p class=\"has-text-align-center\"><strong><br><br>Contatti<\/strong><\/p>\n\n\n\n<p><br>1. Ogni richiesta di informazione potr\u00e0 essere inviata via mail al seguente indirizzo progettocoscienzacosmica@gmail.com<\/p>\n\n\n\n<p class=\"has-text-align-center\"><strong><br><br>Legge applicabile e foro competente<\/strong><\/p>\n\n\n\n<p><br>1. Le presenti condizioni generali d&#8217;uso sono disciplinate dal diritto italiano ed interpretate in base ad esso, fatta salva qualsiasi diversa norma imperativa prevalente del paese di residenza abituale del l&#8217;acquirente. Di conseguenza l&#8217;interpretazione, esecuzione e risoluzione delle condizioni generali d&#8217;uso endita sono soggette esclusivamente alla legge Italiana.<\/p>\n\n\n\n<p>2. Eventuali controversie inerenti e\/o conseguenti alle stesse dovranno essere risolte in via esclusiva dall&#8217;autorit\u00e0 giurisdizionale Italiana. In particolare, qualora il l&#8217;acquirente rivesta la qualifica di consumatore, le eventuali controversie dovranno essere risolte dal tribunale del luogo di domicilio o residenza dello stesso in base alla legge applicabile.<\/p>\n\n\n\n<p><br><br>Le presenti condizioni sono state redatte in data 13\/12\/2020<\/p>","protected":false},"excerpt":{"rendered":"<p>CONDIZIONI GENERALI D&#8217;USO 1. Le presenti condizioni generali d&#8217;uso rappresentano l&#8217;accesso e l&#8217;uso del sito Associazione Culturale Progetto Coscienza Cosmica, acessibile mediante l&#8217;url: https:\/\/www.progettocoscienzacosmica.com\/, (d&#8217;ora in avanti il &#8220;titolare&#8221;), sono attivit\u00e0 regolate dalle presenti condizioni generali d&#8217;uso. 2. Il presente sito \u00e8 di propriet\u00e0 di: Associazione Culturale Progetto Coscienza Cosmica con sede a Massagno, Svizzera [&hellip;]<\/p>\n","protected":false},"author":1,"featured_media":0,"parent":0,"menu_order":0,"comment_status":"closed","ping_status":"closed","template":"","meta":{"om_disable_all_campaigns":false,"_monsterinsights_skip_tracking":false,"_monsterinsights_sitenote_active":false,"_monsterinsights_sitenote_note":"","_monsterinsights_sitenote_category":0,"footnotes":""},"class_list":["post-1929","page","type-page","status-publish","hentry"],"aioseo_notices":[],"_links":{"self":[{"href":"https:\/\/www.progettocoscienzacosmica.com\/it\/wp-json\/wp\/v2\/pages\/1929","targetHints":{"allow":["GET"]}}],"collection":[{"href":"https:\/\/www.progettocoscienzacosmica.com\/it\/wp-json\/wp\/v2\/pages"}],"about":[{"href":"https:\/\/www.progettocoscienzacosmica.com\/it\/wp-json\/wp\/v2\/types\/page"}],"author":[{"embeddable":true,"href":"https:\/\/www.progettocoscienzacosmica.com\/it\/wp-json\/wp\/v2\/users\/1"}],"replies":[{"embeddable":true,"href":"https:\/\/www.progettocoscienzacosmica.com\/it\/wp-json\/wp\/v2\/comments?post=1929"}],"version-history":[{"count":2,"href":"https:\/\/www.progettocoscienzacosmica.com\/it\/wp-json\/wp\/v2\/pages\/1929\/revisions"}],"predecessor-version":[{"id":1934,"href":"https:\/\/www.progettocoscienzacosmica.com\/it\/wp-json\/wp\/v2\/pages\/1929\/revisions\/1934"}],"wp:attachment":[{"href":"https:\/\/www.progettocoscienzacosmica.com\/it\/wp-json\/wp\/v2\/media?parent=1929"}],"curies":[{"name":"wp","href":"https:\/\/api.w.org\/{rel}","templated":true}]}}